{"id":18615,"date":"2018-10-08T14:35:20","date_gmt":"2018-10-08T12:35:20","guid":{"rendered":"http:\/\/www.deutschtutor.com\/prufungskompetenz-aufbauen\/"},"modified":"2020-06-04T16:20:29","modified_gmt":"2020-06-04T14:20:29","slug":"prufungskompetenz-aufbauen","status":"publish","type":"page","link":"https:\/\/www.deutschtutor.com\/en\/prufungskompetenz-aufbauen\/","title":{"rendered":"Pr\u00fcfungskompetenz aufbauen"},"content":{"rendered":"<div class=\"wpb-content-wrapper\"><p>[vc_row css_animation=&#8221;&#8221; row_type=&#8221;row&#8221; use_row_as_full_screen_section=&#8221;no&#8221; type=&#8221;full_width&#8221; angled_section=&#8221;no&#8221; text_align=&#8221;left&#8221; background_image_as_pattern=&#8221;without_pattern&#8221;][vc_column][vc_column_text]Vielleicht bereiten Sie sich gerade auf eine Sprachpr\u00fcfung vor und sind noch auf der Suche von B\u00fcchern, mit denen Sie auch selbstst\u00e4ndig \u00fcben k\u00f6nnen. Daf\u00fcr bieten alle Pr\u00fcfungsanbieter wie <a href=\"https:\/\/www.telc.net\/pruefungsteilnehmende\/sprachpruefungen.html\" target=\"_blank\" rel=\"noopener\">telc<\/a>, <a href=\"https:\/\/www.goethe.de\/de\/spr\/kup\/prf.html\" target=\"_blank\" rel=\"noopener\">Goethe<\/a> oder <a href=\"https:\/\/www.osd.at\/pruefungen-machen\/ihr-weg-zum-oesd-zertifikat\/\" target=\"_blank\" rel=\"noopener\">\u00d6SD<\/a> eigene \u00dcbungsmaterialien an. <a href=\"\/pruefungszertifikate\/\">Hier<\/a> finden Sie eine <a href=\"\/pruefungszertifikate\/\"><strong>\u00dcbersicht aller aktuell angebotenen Sprachzertifikate<\/strong><\/a> inklusive Kosten und <strong>hilfreicher Links zu \u00dcbungsmaterialien<\/strong>.<\/p>\n<p>Hier haben wir f\u00fcr Sie einige B\u00fccher zusammengestellt, mit denen Sie z.B. auf die B1 oder B2 Pr\u00fcfung oder eine der Berufssprachpr\u00fcfungen vorbereiten k\u00f6nnen. Diese Liste erweitern wir laufend mit aktuellen Materialien.[\/vc_column_text][\/vc_column][\/vc_row][vc_row css_animation=&#8221;&#8221; row_type=&#8221;row&#8221; use_row_as_full_screen_section=&#8221;no&#8221; type=&#8221;full_width&#8221; angled_section=&#8221;no&#8221; text_align=&#8221;left&#8221; background_image_as_pattern=&#8221;without_pattern&#8221;][vc_column][vc_empty_space][\/vc_column][\/vc_row][vc_row css_animation=&#8221;&#8221; row_type=&#8221;row&#8221; use_row_as_full_screen_section=&#8221;no&#8221; type=&#8221;full_width&#8221; angled_section=&#8221;no&#8221; text_align=&#8221;left&#8221; background_image_as_pattern=&#8221;without_pattern&#8221;][vc_column]<div class='cover_boxes' data-active-element='1'><ul class='clearfix'><li><div class='box'><a itemprop='url' class='thumb' href='https:\/\/www.cornelsen.de\/produkte\/pruefungstraining-daf-goethe-zertifikat-neubearbeitung-uebungsbuch-mit-loesungsbeileger-und-audio-download-b2-9783061217754\/?campaign=smedia%2Ffacebook%2Fdaf-pruefungstraining%2F07082018' target='_self'><img itemprop='image' alt='Goethe Zertifikat B2 - Modular' src='https:\/\/www.deutschtutor.com\/wp-content\/uploads\/2018\/08\/B2-GOethe.jpg' \/><\/a><div class=\"box_content\"><h3 >Goethe Zertifikat B2 - Modular<\/h3><p >Trainingsbuch f\u00fcr die neue, ab 2019 geltende modulare Pr\u00fcfung des Goethe-Instituts. Hinweise, Tipps und Strategien f\u00fcr die Pr\u00fcfung<\/p><a itemprop='url' class='qbutton tiny' href='https:\/\/www.cornelsen.de\/produkte\/pruefungstraining-daf-goethe-zertifikat-neubearbeitung-uebungsbuch-mit-loesungsbeileger-und-audio-download-b2-9783061217754\/?campaign=smedia%2Ffacebook%2Fdaf-pruefungstraining%2F07082018' target='_self'>ansehen<\/a><\/div><\/div><\/li><li><div class='box'><a itemprop='url' class='thumb' href='https:\/\/www.cornelsen.de\/produkte\/lextra-deutsch-als-fremdsprache-lernwoerterbuch-grund-und-aufbauwortschatz-a1-b2-9783589015597' target='_self'><img itemprop='image' alt='Grund- und Aufbauwortschatz A1-B2' src='https:\/\/www.deutschtutor.com\/wp-content\/uploads\/2018\/08\/Deutsch-nach-Themen.jpg' \/><\/a><div class=\"box_content\"><h3 >Grund- und Aufbauwortschatz A1-B2<\/h3><p >Ideal als Erg\u00e4nzung zur Pr\u00fcfungsvorbereitung nach Themen sortiert<\/p><a itemprop='url' class='qbutton tiny' href='https:\/\/www.cornelsen.de\/produkte\/lextra-deutsch-als-fremdsprache-lernwoerterbuch-grund-und-aufbauwortschatz-a1-b2-9783589015597' target='_self'>ansehen<\/a><\/div><\/div><\/li><li><div class='box'><a itemprop='url' class='thumb' href='https:\/\/www.langenscheidt.com\/deutsch-daf\/selbstlernen-hoeren-sprechen\/langenscheidt-sprechtraining-deutsch-fuer-den-beruf-kartoniert' target='_self'><img itemprop='image' alt='Sprechtraining Deutsch f\u00fcr den Beruf von B1 auf B2' src='https:\/\/www.deutschtutor.com\/wp-content\/uploads\/2018\/08\/Deutsch-f\u00fcr-den-Beruf.jpg' \/><\/a><div class=\"box_content\"><h3 >Sprechtraining Deutsch f\u00fcr den Beruf von B1 auf B2<\/h3><p >Authentische Szenarien aus dem Berufsalltag, mit H\u00f6r- und Sprech\u00fcbungen als MP3-Download. Das Buch bereitet auf berufsbezogene Pr\u00fcfungen vor.<\/p><a itemprop='url' class='qbutton tiny' href='https:\/\/www.langenscheidt.com\/deutsch-daf\/selbstlernen-hoeren-sprechen\/langenscheidt-sprechtraining-deutsch-fuer-den-beruf-kartoniert' target='_self'>ansehen<\/a><\/div><\/div><\/li><\/ul><\/div>[\/vc_column][\/vc_row][vc_row css_animation=&#8221;&#8221; row_type=&#8221;row&#8221; use_row_as_full_screen_section=&#8221;no&#8221; type=&#8221;full_width&#8221; angled_section=&#8221;no&#8221; text_align=&#8221;left&#8221; background_image_as_pattern=&#8221;without_pattern&#8221;][vc_column][vc_separator type=&#8221;normal&#8221;][\/vc_column][\/vc_row][vc_row css_animation=&#8221;&#8221; row_type=&#8221;row&#8221; use_row_as_full_screen_section=&#8221;no&#8221; type=&#8221;full_width&#8221; angled_section=&#8221;no&#8221; text_align=&#8221;left&#8221; background_image_as_pattern=&#8221;without_pattern&#8221;][vc_column]<div class='cover_boxes' data-active-element='1'><ul class='clearfix'><li><div class='box'><a itemprop='url' class='thumb' href='https:\/\/www.langenscheidt.com\/deutsch-daf\/selbstlernen-lesen-schreiben\/langenscheidt-schreibtraining-deutsch-fuer-den-beruf-kartoniert' target='_self'><img itemprop='image' alt='Schreibtraining Deutsch f\u00fcr den Beruf von B1 auf B2' src='https:\/\/www.deutschtutor.com\/wp-content\/uploads\/2018\/08\/Schreibtraining-DFB.jpg' \/><\/a><div class=\"box_content\"><h3 >Schreibtraining Deutsch f\u00fcr den Beruf von B1 auf B2<\/h3><p >Training der schriftlichen Kommunikation am Arbeitsplatz. Inklusive Kapitel ``Bewerbungsschreiben``. Bereitet auf berufsbezogene Pr\u00fcfungen (z.B. telc) vor.<\/p><a itemprop='url' class='qbutton tiny' href='https:\/\/www.langenscheidt.com\/deutsch-daf\/selbstlernen-lesen-schreiben\/langenscheidt-schreibtraining-deutsch-fuer-den-beruf-kartoniert' target='_self'>ansehen<\/a><\/div><\/div><\/li><li><div class='box'><a itemprop='url' class='thumb' href='https:\/\/www.klett-sprachen.de\/so-geht-s-noch-besser-zu-b1-hoeren\/t-392\/9783126755856' target='_self'><img itemprop='image' alt='So geht\u00b4s noch besser zu B1 - H\u00f6ren' src='https:\/\/www.deutschtutor.com\/wp-content\/uploads\/2018\/08\/Klett-so-gehts-noch-besser.jpg' \/><\/a><div class=\"box_content\"><h3 >So geht\u00b4s noch besser zu B1 - H\u00f6ren<\/h3><p >Das Buch bereitet gezielt auf den Pr\u00fcfungsteil H\u00f6ren des Goethe-\/\u00d6SD-Zertifikats B1 vor<\/p><a itemprop='url' class='qbutton tiny' href='https:\/\/www.klett-sprachen.de\/so-geht-s-noch-besser-zu-b1-hoeren\/t-392\/9783126755856' target='_self'>ansehen<\/a><\/div><\/div><\/li><li><div class='box'><a itemprop='url' class='thumb' href='' target='_self'><img itemprop='image' alt='' src='' \/><\/a><div class=\"box_content\"><h3 ><\/h3><p ><\/p><a itemprop='url' class='qbutton tiny' href='' target='_self'>ansehen<\/a><\/div><\/div><\/li><\/ul><\/div>[\/vc_column][\/vc_row][vc_row css_animation=&#8221;&#8221; row_type=&#8221;row&#8221; use_row_as_full_screen_section=&#8221;no&#8221; type=&#8221;full_width&#8221; angled_section=&#8221;no&#8221; text_align=&#8221;left&#8221; background_image_as_pattern=&#8221;without_pattern&#8221;][vc_column][vc_empty_space][\/vc_column][\/vc_row][vc_row css_animation=&#8221;&#8221; row_type=&#8221;row&#8221; use_row_as_full_screen_section=&#8221;no&#8221; type=&#8221;full_width&#8221; angled_section=&#8221;no&#8221; text_align=&#8221;left&#8221; background_image_as_pattern=&#8221;without_pattern&#8221;][vc_column][vc_column_text]<\/p>\n<h4>[vc_separator type=&#8217;normal&#8217; position=&#8217;center&#8217; color=&#8221; thickness=&#8221; up=&#8221; down=&#8221;]<\/h4>\n<h4><strong>Wir machen Sie &#8220;fit&#8221; f\u00fcr Ihre Sprachpr\u00fcfung!<\/strong><\/h4>\n<p>Gerne helfen wir Ihnen, sich bestm\u00f6glich auf Ihre Pr\u00fcfung vorzubereiten.<br \/>\n<br class=\"\u201cclear\u201c\" \/><strong>Pr\u00fcfungsvorbereitungskurs<\/strong><\/p>\n<p>Im Spezialkurs &#8220;Pr\u00fcfungsvorbereitung&#8221; trainieren wir mit Ihnen gezielt die sprachlichen F\u00e4higkeiten, die Sie f\u00fcr Ihre Pr\u00fcfung ben\u00f6tigen.<br \/>\n<br class=\"\u201cclear\u201c\" \/><strong>Probepr\u00fcfungen<\/strong><\/p>\n<p>Wir bieten Ihnen auch die M\u00f6glichkeit, bei uns eine Probepr\u00fcfung durchzuf\u00fchren. Das Ergebnis liefert Ihnen eine zuverl\u00e4ssige Grundlage, um zu entscheiden, ob Sie schon reif sind, um sich zu einer Pr\u00fcfung anzumelden.<\/p>\n<p>[vc_separator type=&#8217;transparent&#8217; position=&#8217;center&#8217; color=&#8221; thickness=&#8217;3&#8242; up=&#8221; down=&#8221;]<\/p>\n<p><a href=\"\/probepruefung\/\">ABLAUF DER PROBEPR\u00dcFUNG<\/a><\/p>\n<p>[vc_separator type=&#8217;transparent&#8217; position=&#8217;center&#8217; color=&#8221; thickness=&#8217;5&#8242; up=&#8221; down=&#8221;]<\/p>\n<p><a href=\"\/sprachpruefungen\/\">WAS SIE \u00dcBER SPRACHPR\u00dcFUNGEN UND -ZERTIFIKATE WISSEN SOLLTEN.<\/a><\/p>\n<p>[vc_separator type=&#8217;transparent&#8217; position=&#8217;center&#8217; color=&#8221; thickness=&#8217;3&#8242; up=&#8221; down=&#8221;]<\/p>\n<p>&nbsp;<\/p>\n<p><strong>Weitere Themen f\u00fcr Sie:<\/strong><\/p>\n<p>Suchen Sie ein zuverl\u00e4ssiges W\u00f6rterbuch? Hier geht es zu den <a href=\"https:\/\/www.deutschtutor.com\/woerterbuecher-fuer-deutschlerner\/\">W\u00f6rterb\u00fcchern.<\/a><\/p>\n<p>M\u00f6chten Sie Grammatik mit Spa\u00df kombinieren? Hier geht es zu den<a href=\"https:\/\/www.deutschtutor.com\/grammatik-ueben-und-spass-haben\/\"> Grammatikb\u00fcchern<\/a>.[\/vc_column_text][\/vc_column][\/vc_row][vc_row css_animation=&#8221;&#8221; row_type=&#8221;row&#8221; use_row_as_full_screen_section=&#8221;no&#8221; type=&#8221;full_width&#8221; angled_section=&#8221;no&#8221; text_align=&#8221;left&#8221; background_image_as_pattern=&#8221;without_pattern&#8221;][vc_column][vc_empty_space][\/vc_column][\/vc_row]<\/p>\n<\/div>","protected":false},"excerpt":{"rendered":"<p>[vc_row css_animation=&#8221;&#8221; row_type=&#8221;row&#8221; use_row_as_full_screen_section=&#8221;no&#8221; type=&#8221;full_width&#8221; angled_section=&#8221;no&#8221; text_align=&#8221;left&#8221; background_image_as_pattern=&#8221;without_pattern&#8221;][vc_column][vc_column_text]Vielleicht bereiten Sie sich gerade auf eine Sprachpr\u00fcfung vor und sind noch auf der Suche von B\u00fcchern, mit denen Sie auch selbstst\u00e4ndig \u00fcben k\u00f6nnen. Daf\u00fcr bieten alle Pr\u00fcfungsanbieter wie telc, Goethe oder \u00d6SD eigene \u00dcbungsmaterialien an. Hier finden&#8230;<\/p>\n","protected":false},"author":2,"featured_media":0,"parent":0,"menu_order":0,"comment_status":"closed","ping_status":"closed","template":"","meta":{"om_disable_all_campaigns":false,"_monsterinsights_skip_tracking":false,"_monsterinsights_sitenote_active":false,"_monsterinsights_sitenote_note":"","_monsterinsights_sitenote_category":0,"footnotes":""},"class_list":["post-18615","page","type-page","status-publish","hentry"],"yoast_head":"<!-- This site is optimized with the Yoast SEO plugin v27.1.1 - https:\/\/yoast.com\/product\/yoast-seo-wordpress\/ -->\n<title>Pr\u00fcfungskompetenz aufbauen - mit den richtigen B\u00fcchern<\/title>\n<meta name=\"description\" content=\"Ein gutes Mittel gegen Pr\u00fcfungsangst ist die richtige Vorbereitung. Mit den passenden B\u00fcchern schaffen Sie ein gutes Fundament f\u00fcr Ihren Pr\u00fcfungserfolg.\" \/>\n<meta name=\"robots\" content=\"index, follow, max-snippet:-1, max-image-preview:large, max-video-preview:-1\" \/>\n<link rel=\"canonical\" href=\"https:\/\/www.deutschtutor.com\/en\/prufungskompetenz-aufbauen\/\" \/>\n<meta property=\"og:locale\" content=\"en_US\" \/>\n<meta property=\"og:type\" content=\"article\" \/>\n<meta property=\"og:title\" content=\"Pr\u00fcfungskompetenz aufbauen - mit den richtigen B\u00fcchern\" \/>\n<meta property=\"og:description\" content=\"Ein gutes Mittel gegen Pr\u00fcfungsangst ist die richtige Vorbereitung. Mit den passenden B\u00fcchern schaffen Sie ein gutes Fundament f\u00fcr Ihren Pr\u00fcfungserfolg.\" \/>\n<meta property=\"og:url\" content=\"https:\/\/www.deutschtutor.com\/en\/prufungskompetenz-aufbauen\/\" \/>\n<meta property=\"og:site_name\" content=\"Deutschtutor\" \/>\n<meta property=\"article:modified_time\" content=\"2020-06-04T14:20:29+00:00\" \/>\n<meta name=\"twitter:card\" content=\"summary_large_image\" \/>\n<meta name=\"twitter:label1\" content=\"Est. reading time\" \/>\n\t<meta name=\"twitter:data1\" content=\"4 minutes\" \/>\n<script type=\"application\/ld+json\" class=\"yoast-schema-graph\">{\"@context\":\"https:\/\/schema.org\",\"@graph\":[{\"@type\":\"WebPage\",\"@id\":\"https:\/\/www.deutschtutor.com\/en\/prufungskompetenz-aufbauen\/\",\"url\":\"https:\/\/www.deutschtutor.com\/en\/prufungskompetenz-aufbauen\/\",\"name\":\"Pr\u00fcfungskompetenz aufbauen - mit den richtigen B\u00fcchern\",\"isPartOf\":{\"@id\":\"https:\/\/www.deutschtutor.com\/#website\"},\"datePublished\":\"2018-10-08T12:35:20+00:00\",\"dateModified\":\"2020-06-04T14:20:29+00:00\",\"description\":\"Ein gutes Mittel gegen Pr\u00fcfungsangst ist die richtige Vorbereitung. Mit den passenden B\u00fcchern schaffen Sie ein gutes Fundament f\u00fcr Ihren Pr\u00fcfungserfolg.\",\"breadcrumb\":{\"@id\":\"https:\/\/www.deutschtutor.com\/en\/prufungskompetenz-aufbauen\/#breadcrumb\"},\"inLanguage\":\"en-US\",\"potentialAction\":[{\"@type\":\"ReadAction\",\"target\":[\"https:\/\/www.deutschtutor.com\/en\/prufungskompetenz-aufbauen\/\"]}]},{\"@type\":\"BreadcrumbList\",\"@id\":\"https:\/\/www.deutschtutor.com\/en\/prufungskompetenz-aufbauen\/#breadcrumb\",\"itemListElement\":[{\"@type\":\"ListItem\",\"position\":1,\"name\":\"Startseite\",\"item\":\"https:\/\/www.deutschtutor.com\/home\/\"},{\"@type\":\"ListItem\",\"position\":2,\"name\":\"Pr\u00fcfungskompetenz aufbauen\"}]},{\"@type\":\"WebSite\",\"@id\":\"https:\/\/www.deutschtutor.com\/#website\",\"url\":\"https:\/\/www.deutschtutor.com\/\",\"name\":\"Deutschtutor\",\"description\":\"Deutsch lernen online\",\"publisher\":{\"@id\":\"https:\/\/www.deutschtutor.com\/#organization\"},\"potentialAction\":[{\"@type\":\"SearchAction\",\"target\":{\"@type\":\"EntryPoint\",\"urlTemplate\":\"https:\/\/www.deutschtutor.com\/?s={search_term_string}\"},\"query-input\":{\"@type\":\"PropertyValueSpecification\",\"valueRequired\":true,\"valueName\":\"search_term_string\"}}],\"inLanguage\":\"en-US\"},{\"@type\":\"Organization\",\"@id\":\"https:\/\/www.deutschtutor.com\/#organization\",\"name\":\"Deutschtutor\",\"url\":\"https:\/\/www.deutschtutor.com\/\",\"logo\":{\"@type\":\"ImageObject\",\"inLanguage\":\"en-US\",\"@id\":\"https:\/\/www.deutschtutor.com\/#\/schema\/logo\/image\/\",\"url\":\"https:\/\/www.deutschtutor.com\/wp-content\/uploads\/2017\/03\/LOGO-KEIN.png\",\"contentUrl\":\"https:\/\/www.deutschtutor.com\/wp-content\/uploads\/2017\/03\/LOGO-KEIN.png\",\"width\":250,\"height\":40,\"caption\":\"Deutschtutor\"},\"image\":{\"@id\":\"https:\/\/www.deutschtutor.com\/#\/schema\/logo\/image\/\"}}]}<\/script>\n<!-- \/ Yoast SEO plugin. -->","yoast_head_json":{"title":"Pr\u00fcfungskompetenz aufbauen - mit den richtigen B\u00fcchern","description":"Ein gutes Mittel gegen Pr\u00fcfungsangst ist die richtige Vorbereitung. Mit den passenden B\u00fcchern schaffen Sie ein gutes Fundament f\u00fcr Ihren Pr\u00fcfungserfolg.","robots":{"index":"index","follow":"follow","max-snippet":"max-snippet:-1","max-image-preview":"max-image-preview:large","max-video-preview":"max-video-preview:-1"},"canonical":"https:\/\/www.deutschtutor.com\/en\/prufungskompetenz-aufbauen\/","og_locale":"en_US","og_type":"article","og_title":"Pr\u00fcfungskompetenz aufbauen - mit den richtigen B\u00fcchern","og_description":"Ein gutes Mittel gegen Pr\u00fcfungsangst ist die richtige Vorbereitung. Mit den passenden B\u00fcchern schaffen Sie ein gutes Fundament f\u00fcr Ihren Pr\u00fcfungserfolg.","og_url":"https:\/\/www.deutschtutor.com\/en\/prufungskompetenz-aufbauen\/","og_site_name":"Deutschtutor","article_modified_time":"2020-06-04T14:20:29+00:00","twitter_card":"summary_large_image","twitter_misc":{"Est. reading time":"4 minutes"},"schema":{"@context":"https:\/\/schema.org","@graph":[{"@type":"WebPage","@id":"https:\/\/www.deutschtutor.com\/en\/prufungskompetenz-aufbauen\/","url":"https:\/\/www.deutschtutor.com\/en\/prufungskompetenz-aufbauen\/","name":"Pr\u00fcfungskompetenz aufbauen - mit den richtigen B\u00fcchern","isPartOf":{"@id":"https:\/\/www.deutschtutor.com\/#website"},"datePublished":"2018-10-08T12:35:20+00:00","dateModified":"2020-06-04T14:20:29+00:00","description":"Ein gutes Mittel gegen Pr\u00fcfungsangst ist die richtige Vorbereitung. Mit den passenden B\u00fcchern schaffen Sie ein gutes Fundament f\u00fcr Ihren Pr\u00fcfungserfolg.","breadcrumb":{"@id":"https:\/\/www.deutschtutor.com\/en\/prufungskompetenz-aufbauen\/#breadcrumb"},"inLanguage":"en-US","potentialAction":[{"@type":"ReadAction","target":["https:\/\/www.deutschtutor.com\/en\/prufungskompetenz-aufbauen\/"]}]},{"@type":"BreadcrumbList","@id":"https:\/\/www.deutschtutor.com\/en\/prufungskompetenz-aufbauen\/#breadcrumb","itemListElement":[{"@type":"ListItem","position":1,"name":"Startseite","item":"https:\/\/www.deutschtutor.com\/home\/"},{"@type":"ListItem","position":2,"name":"Pr\u00fcfungskompetenz aufbauen"}]},{"@type":"WebSite","@id":"https:\/\/www.deutschtutor.com\/#website","url":"https:\/\/www.deutschtutor.com\/","name":"Deutschtutor","description":"Deutsch lernen online","publisher":{"@id":"https:\/\/www.deutschtutor.com\/#organization"},"potentialAction":[{"@type":"SearchAction","target":{"@type":"EntryPoint","urlTemplate":"https:\/\/www.deutschtutor.com\/?s={search_term_string}"},"query-input":{"@type":"PropertyValueSpecification","valueRequired":true,"valueName":"search_term_string"}}],"inLanguage":"en-US"},{"@type":"Organization","@id":"https:\/\/www.deutschtutor.com\/#organization","name":"Deutschtutor","url":"https:\/\/www.deutschtutor.com\/","logo":{"@type":"ImageObject","inLanguage":"en-US","@id":"https:\/\/www.deutschtutor.com\/#\/schema\/logo\/image\/","url":"https:\/\/www.deutschtutor.com\/wp-content\/uploads\/2017\/03\/LOGO-KEIN.png","contentUrl":"https:\/\/www.deutschtutor.com\/wp-content\/uploads\/2017\/03\/LOGO-KEIN.png","width":250,"height":40,"caption":"Deutschtutor"},"image":{"@id":"https:\/\/www.deutschtutor.com\/#\/schema\/logo\/image\/"}}]}},"_links":{"self":[{"href":"https:\/\/www.deutschtutor.com\/en\/wp-json\/wp\/v2\/pages\/18615","targetHints":{"allow":["GET"]}}],"collection":[{"href":"https:\/\/www.deutschtutor.com\/en\/wp-json\/wp\/v2\/pages"}],"about":[{"href":"https:\/\/www.deutschtutor.com\/en\/wp-json\/wp\/v2\/types\/page"}],"author":[{"embeddable":true,"href":"https:\/\/www.deutschtutor.com\/en\/wp-json\/wp\/v2\/users\/2"}],"replies":[{"embeddable":true,"href":"https:\/\/www.deutschtutor.com\/en\/wp-json\/wp\/v2\/comments?post=18615"}],"version-history":[{"count":10,"href":"https:\/\/www.deutschtutor.com\/en\/wp-json\/wp\/v2\/pages\/18615\/revisions"}],"predecessor-version":[{"id":20388,"href":"https:\/\/www.deutschtutor.com\/en\/wp-json\/wp\/v2\/pages\/18615\/revisions\/20388"}],"wp:attachment":[{"href":"https:\/\/www.deutschtutor.com\/en\/wp-json\/wp\/v2\/media?parent=18615"}],"curies":[{"name":"wp","href":"https:\/\/api.w.org\/{rel}","templated":true}]}}